	{"id":192,"date":"2024-10-20T12:54:30","date_gmt":"2024-10-20T10:54:30","guid":{"rendered":"https:\/\/aprilmouse.cz\/?page_id=192"},"modified":"2024-10-20T14:57:41","modified_gmt":"2024-10-20T12:57:41","slug":"elementor-page-192","status":"publish","type":"page","link":"https:\/\/aprilmouse.cz\/index.php\/elementor-page-192\/","title":{"rendered":"Kontakty"},"content":{"rendered":"\t\t<div data-elementor-type=\"wp-page\" data-elementor-id=\"192\" class=\"elementor elementor-192\">\n\t\t\t\t<div class=\"elementor-element elementor-element-56729673 e-flex e-con-boxed e-con e-parent\" data-id=\"56729673\" data-element_type=\"container\">\n\t\t\t\t\t<div class=\"e-con-inner\">\n\t\t<div class=\"elementor-element elementor-element-1dce1563 e-flex e-con-boxed e-con e-child\" data-id=\"1dce1563\" data-element_type=\"container\" data-settings=\"{&quot;background_background&quot;:&quot;classic&quot;}\">\n\t\t\t\t\t<div class=\"e-con-inner\">\n\t\t<div class=\"elementor-element elementor-element-30b0521 e-grid e-con-full e-con e-child\" data-id=\"30b0521\" data-element_type=\"container\">\n\t\t<div class=\"elementor-element elementor-element-17d7fd84 e-grid e-con-full e-con e-child\" data-id=\"17d7fd84\" data-element_type=\"container\">\n\t\t<div class=\"elementor-element elementor-element-39f5ccfe e-con-full e-flex e-con e-child\" data-id=\"39f5ccfe\" data-element_type=\"container\">\n\t\t\t\t<div class=\"elementor-element elementor-element-125b2a78 elementor-widget elementor-widget-image\" data-id=\"125b2a78\" data-element_type=\"widget\" data-widget_type=\"image.default\">\n\t\t\t\t<div class=\"elementor-widget-container\">\n\t\t\t\t\t\t\t\t\t\t\t\t\t\t\t\t<a href=\"https:\/\/aprilmouse.cz\/\">\n\t\t\t\t\t\t\t<img decoding=\"async\" width=\"300\" height=\"158\" src=\"https:\/\/aprilmouse.cz\/wp-content\/uploads\/2024\/10\/logo_aprilmouse-4-300x158.png\" class=\"attachment-medium size-medium wp-image-55\" alt=\"\" srcset=\"https:\/\/aprilmouse.cz\/wp-content\/uploads\/2024\/10\/logo_aprilmouse-4-300x158.png 300w, https:\/\/aprilmouse.cz\/wp-content\/uploads\/2024\/10\/logo_aprilmouse-4.png 600w\" sizes=\"(max-width: 300px) 100vw, 300px\" \/>\t\t\t\t\t\t\t\t<\/a>\n\t\t\t\t\t\t\t\t\t\t\t\t\t\t\t<\/div>\n\t\t\t\t<\/div>\n\t\t\t\t<\/div>\n\t\t<div class=\"elementor-element elementor-element-5feb30b9 e-con-full e-flex e-con e-child\" data-id=\"5feb30b9\" data-element_type=\"container\">\n\t\t\t\t<div class=\"elementor-element elementor-element-18a74cb6 elementor-widget elementor-widget-text-editor\" data-id=\"18a74cb6\" data-element_type=\"widget\" data-widget_type=\"text-editor.default\">\n\t\t\t\t<div class=\"elementor-widget-container\">\n\t\t\t\t\t\t\t\t\t<p>Prav\u00e1 ruka obchodn\u00edka<br \/>od roku 203<\/p>\t\t\t\t\t\t\t\t<\/div>\n\t\t\t\t<\/div>\n\t\t\t\t<\/div>\n\t\t<div class=\"elementor-element elementor-element-57db328c e-con-full e-flex e-con e-child\" data-id=\"57db328c\" data-element_type=\"container\">\n\t\t\t\t<div class=\"elementor-element elementor-element-9bed0e elementor-view-default elementor-widget elementor-widget-icon\" data-id=\"9bed0e\" data-element_type=\"widget\" data-widget_type=\"icon.default\">\n\t\t\t\t<div class=\"elementor-widget-container\">\n\t\t\t\t\t\t\t<div class=\"elementor-icon-wrapper\">\n\t\t\t<a class=\"elementor-icon elementor-animation-pulse-grow\" href=\"http:\/\/www.facebook.com\/aprilmouse\">\n\t\t\t<svg aria-hidden=\"true\" class=\"e-font-icon-svg e-fab-facebook-f\" viewBox=\"0 0 320 512\" xmlns=\"http:\/\/www.w3.org\/2000\/svg\"><path d=\"M279.14 288l14.22-92.66h-88.91v-60.13c0-25.35 12.42-50.06 52.24-50.06h40.42V6.26S260.43 0 225.36 0c-73.22 0-121.08 44.38-121.08 124.72v70.62H22.89V288h81.39v224h100.17V288z\"><\/path><\/svg>\t\t\t<\/a>\n\t\t<\/div>\n\t\t\t\t\t\t<\/div>\n\t\t\t\t<\/div>\n\t\t\t\t<\/div>\n\t\t\t\t<\/div>\n\t\t<div class=\"elementor-element elementor-element-6645dd88 e-grid e-con-full e-con e-child\" data-id=\"6645dd88\" data-element_type=\"container\">\n\t\t\t\t<div class=\"elementor-element elementor-element-a3ac598 elementor-widget elementor-widget-text-editor\" data-id=\"a3ac598\" data-element_type=\"widget\" data-widget_type=\"text-editor.default\">\n\t\t\t\t<div class=\"elementor-widget-container\">\n\t\t\t\t\t\t\t\t\t<p>Kontakt:<\/p><p>D\u00e1\u0161a K\u0159i\u010dkov\u00e1<br \/>Masarykovo n\u00e1m. 1<br \/>Jarom\u011b\u0159 &#8211; Josefov<br \/>551 02<\/p><p>I\u010cO 685 15 456<\/p><p>c.j.: 00\/093445\/f-26<\/p><p>Zapsan\u00e1 u Obecn\u00edho \u017eivnostensk\u00e9ho \u00fa\u0159adu<\/p><p>M\u011bstsk\u00e9ho \u00fa\u0159adu Jarom\u011b\u0159 dne 12.4.2000<\/p><p>\u00a0<\/p><p>Nejsem pl\u00e1tcem DPH<\/p><p>\u00a0<\/p><p>Tel. 606 42 33 53<\/p><p>E-mail: aprilmouse.cz@gmail.com<\/p><p>www.aprilmouse.cz<\/p><p>www.facebook.com\/aprilmouse<\/p>\t\t\t\t\t\t\t\t<\/div>\n\t\t\t\t<\/div>\n\t\t\t\t<\/div>\n\t\t\t\t<\/div>\n\t\t\t\t\t<\/div>\n\t\t\t\t<\/div>\n\t\t\t\t\t<\/div>\n\t\t\t\t<\/div>\n\t\t\t\t<\/div>\n\t\t","protected":false},"excerpt":{"rendered":"<p>Prav\u00e1 ruka obchodn\u00edkaod roku 203 Kontakt: D\u00e1\u0161a K\u0159i\u010dkov\u00e1Masarykovo n\u00e1m. 1Jarom\u011b\u0159 &#8211; Josefov551 02 I\u010cO 685 15 456 c.j.: 00\/093445\/f-26 Zapsan\u00e1 u Obecn\u00edho \u017eivnostensk\u00e9ho \u00fa\u0159adu M\u011bstsk\u00e9ho \u00fa\u0159adu Jarom\u011b\u0159 dne 12.4.2000 \u00a0 Nejsem pl\u00e1tcem DPH \u00a0 Tel. 606 42 33 53 E-mail: aprilmouse.cz@gmail.com www.aprilmouse.cz www.facebook.com\/aprilmouse<\/p>\n","protected":false},"author":1,"featured_media":264,"parent":0,"menu_order":0,"comment_status":"closed","ping_status":"closed","template":"elementor_canvas","meta":{"footnotes":""},"class_list":["post-192","page","type-page","status-publish","has-post-thumbnail","hentry"],"_links":{"self":[{"href":"https:\/\/aprilmouse.cz\/index.php\/wp-json\/wp\/v2\/pages\/192","targetHints":{"allow":["GET"]}}],"collection":[{"href":"https:\/\/aprilmouse.cz\/index.php\/wp-json\/wp\/v2\/pages"}],"about":[{"href":"https:\/\/aprilmouse.cz\/index.php\/wp-json\/wp\/v2\/types\/page"}],"author":[{"embeddable":true,"href":"https:\/\/aprilmouse.cz\/index.php\/wp-json\/wp\/v2\/users\/1"}],"replies":[{"embeddable":true,"href":"https:\/\/aprilmouse.cz\/index.php\/wp-json\/wp\/v2\/comments?post=192"}],"version-history":[{"count":40,"href":"https:\/\/aprilmouse.cz\/index.php\/wp-json\/wp\/v2\/pages\/192\/revisions"}],"predecessor-version":[{"id":267,"href":"https:\/\/aprilmouse.cz\/index.php\/wp-json\/wp\/v2\/pages\/192\/revisions\/267"}],"wp:featuredmedia":[{"embeddable":true,"href":"https:\/\/aprilmouse.cz\/index.php\/wp-json\/wp\/v2\/media\/264"}],"wp:attachment":[{"href":"https:\/\/aprilmouse.cz\/index.php\/wp-json\/wp\/v2\/media?parent=192"}],"curies":[{"name":"wp","href":"https:\/\/api.w.org\/{rel}","templated":true}]}}