	{"id":115,"date":"2024-10-18T22:23:27","date_gmt":"2024-10-18T20:23:27","guid":{"rendered":"https:\/\/aprilmouse.cz\/?page_id=115"},"modified":"2025-09-17T10:05:31","modified_gmt":"2025-09-17T08:05:31","slug":"kalendar","status":"publish","type":"page","link":"https:\/\/aprilmouse.cz\/index.php\/kalendar\/","title":{"rendered":"kalendar"},"content":{"rendered":"\t\t<div data-elementor-type=\"wp-page\" data-elementor-id=\"115\" class=\"elementor elementor-115\">\n\t\t\t\t<div class=\"elementor-element elementor-element-40e9d33c e-flex e-con-boxed e-con e-parent\" data-id=\"40e9d33c\" data-element_type=\"container\">\n\t\t\t\t\t<div class=\"e-con-inner\">\n\t\t<div class=\"elementor-element elementor-element-7393afbc e-flex e-con-boxed e-con e-child\" data-id=\"7393afbc\" data-element_type=\"container\" data-settings=\"{&quot;background_background&quot;:&quot;classic&quot;}\">\n\t\t\t\t\t<div class=\"e-con-inner\">\n\t\t<div class=\"elementor-element elementor-element-4c0b47b2 e-grid e-con-full e-con e-child\" data-id=\"4c0b47b2\" data-element_type=\"container\">\n\t\t<div class=\"elementor-element elementor-element-3c975544 e-grid e-con-full e-con e-child\" data-id=\"3c975544\" data-element_type=\"container\">\n\t\t<div class=\"elementor-element elementor-element-11de6c3a e-con-full e-flex e-con e-child\" data-id=\"11de6c3a\" data-element_type=\"container\">\n\t\t\t\t<div class=\"elementor-element elementor-element-3267c0f elementor-widget elementor-widget-image\" data-id=\"3267c0f\" data-element_type=\"widget\" data-widget_type=\"image.default\">\n\t\t\t\t<div class=\"elementor-widget-container\">\n\t\t\t\t\t\t\t\t\t\t\t\t\t\t\t\t<a href=\"https:\/\/aprilmouse.cz\/\">\n\t\t\t\t\t\t\t<img decoding=\"async\" width=\"300\" height=\"158\" src=\"https:\/\/aprilmouse.cz\/wp-content\/uploads\/2024\/10\/logo_aprilmouse-4-300x158.png\" class=\"attachment-medium size-medium wp-image-55\" alt=\"\" srcset=\"https:\/\/aprilmouse.cz\/wp-content\/uploads\/2024\/10\/logo_aprilmouse-4-300x158.png 300w, https:\/\/aprilmouse.cz\/wp-content\/uploads\/2024\/10\/logo_aprilmouse-4.png 600w\" sizes=\"(max-width: 300px) 100vw, 300px\" \/>\t\t\t\t\t\t\t\t<\/a>\n\t\t\t\t\t\t\t\t\t\t\t\t\t\t\t<\/div>\n\t\t\t\t<\/div>\n\t\t\t\t<\/div>\n\t\t<div class=\"elementor-element elementor-element-364d46de e-con-full e-flex e-con e-child\" data-id=\"364d46de\" data-element_type=\"container\">\n\t\t\t\t<div class=\"elementor-element elementor-element-5d3f9a38 elementor-widget elementor-widget-text-editor\" data-id=\"5d3f9a38\" data-element_type=\"widget\" data-widget_type=\"text-editor.default\">\n\t\t\t\t<div class=\"elementor-widget-container\">\n\t\t\t\t\t\t\t\t\t<p>Prav\u00e1 ruka obchodn\u00edka<br \/>od roku 2003<\/p>\t\t\t\t\t\t\t\t<\/div>\n\t\t\t\t<\/div>\n\t\t\t\t<\/div>\n\t\t<div class=\"elementor-element elementor-element-40f80b0f e-con-full e-flex e-con e-child\" data-id=\"40f80b0f\" data-element_type=\"container\">\n\t\t\t\t<div class=\"elementor-element elementor-element-19e52ca7 elementor-view-default elementor-widget elementor-widget-icon\" data-id=\"19e52ca7\" data-element_type=\"widget\" data-widget_type=\"icon.default\">\n\t\t\t\t<div class=\"elementor-widget-container\">\n\t\t\t\t\t\t\t<div class=\"elementor-icon-wrapper\">\n\t\t\t<a class=\"elementor-icon elementor-animation-pulse-grow\" href=\"http:\/\/www.facebook.com\/aprilmouse\">\n\t\t\t<svg aria-hidden=\"true\" class=\"e-font-icon-svg e-fab-facebook-f\" viewBox=\"0 0 320 512\" xmlns=\"http:\/\/www.w3.org\/2000\/svg\"><path d=\"M279.14 288l14.22-92.66h-88.91v-60.13c0-25.35 12.42-50.06 52.24-50.06h40.42V6.26S260.43 0 225.36 0c-73.22 0-121.08 44.38-121.08 124.72v70.62H22.89V288h81.39v224h100.17V288z\"><\/path><\/svg>\t\t\t<\/a>\n\t\t<\/div>\n\t\t\t\t\t\t<\/div>\n\t\t\t\t<\/div>\n\t\t\t\t<\/div>\n\t\t\t\t<\/div>\n\t\t<div class=\"elementor-element elementor-element-10cc7900 e-grid e-con-full e-con e-child\" data-id=\"10cc7900\" data-element_type=\"container\">\n\t\t<div class=\"elementor-element elementor-element-f981092 e-grid e-con-full e-con e-child\" data-id=\"f981092\" data-element_type=\"container\">\n\t\t<div class=\"elementor-element elementor-element-dbba435 e-grid e-con-full e-con e-child\" data-id=\"dbba435\" data-element_type=\"container\">\n\t\t\t\t<div class=\"elementor-element elementor-element-e64597a elementor-widget elementor-widget-text-editor\" data-id=\"e64597a\" data-element_type=\"widget\" data-widget_type=\"text-editor.default\">\n\t\t\t\t<div class=\"elementor-widget-container\">\n\t\t\t\t\t\t\t\t\t<p>Letos jsem si pro V\u00e1s p\u0159ipravila zcela nov\u00e9 \u0161ablony digiscrapbookov\u00e9ho kalend\u00e1\u0159e \ud83d\ude42<\/p><p>Digiscrapbookov\u00fd kalend\u00e1\u0159 nen\u00ed jen tak oby\u010dejn\u00fd kalend\u00e1\u0159 z r\u00e1me\u010dk\u016f, ka\u017ed\u00e1 kyti\u010dka, ma\u0161li\u010dka, ka\u017ed\u00fd kousek na n\u011bm je vytvo\u0159en n\u00e1mi &#8211; v\u0161e jsme nafotily, p\u0159ipravily, p\u0159ebarvily, poskl\u00e1daly kousek po kous\u00ed\u010dku&#8230; je to opravdov\u00e1 ru\u010dn\u00ed autorsk\u00e1 pr\u00e1ce.<\/p>\t\t\t\t\t\t\t\t<\/div>\n\t\t\t\t<\/div>\n\t\t\t\t<div class=\"elementor-element elementor-element-fdfc825 elementor-widget elementor-widget-text-editor\" data-id=\"fdfc825\" data-element_type=\"widget\" data-widget_type=\"text-editor.default\">\n\t\t\t\t<div class=\"elementor-widget-container\">\n\t\t\t\t\t\t\t\t\t<p><strong>Jak to funguje?<\/strong><\/p><p>Vyberete si variantu kalend\u00e1\u0159e, kter\u00e1 se V\u00e1m l\u00edb\u00ed (p\u0159\u00edpadn\u011b si ud\u011bl\u00e1te v\u00fdb\u011br ze star\u0161\u00edch verz\u00ed) a j\u00e1 z Va\u0161ich fotek zpracuji tisknuteln\u00e9 \u0161ablony pro kalend\u00e1\u0159.<\/p><p>\u00a0<\/p><p><strong>Uveden\u00e1 cena plat\u00ed pro zpracov\u00e1n\u00ed kalend\u00e1\u0159e z fotografi\u00ed do tiskov\u00e9 podoby.<\/strong><\/p><p>Tisk je mo\u017en\u00fd ve velikostech A4 nebo A3, z\u00e1le\u017e\u00ed na kvalit\u011b dodan\u00fdch fotografi\u00ed. Pokud si nechcete tisk za\u0159izovat sami, je mo\u017eno dodat kalend\u00e1\u0159e ji\u017e vytisknut\u00e9 na Va\u0161i adresu &#8211; pro konkr\u00e9tn\u00ed ceny tisku m\u011b kontaktujte na<a href=\"mailto:aprilmouse.cz@gmail.com\"> e-mailu<\/a> nebo telefonu 606 42 33 53<\/p><p>Pro zpracov\u00e1n\u00ed bude pot\u0159eba 13 fotografi\u00ed v tom nejv\u011bt\u0161\u00edm rozli\u0161en\u00ed, co m\u00e1te.<\/p><p>Dob\u0159e si prohl\u00e9dn\u011bte jednotliv\u00e9 r\u00e1me\u010dky a vyberte fotky tak, aby se co nejl\u00e9pe hodily jak barevn\u011b, tak stylov\u011b &#8211; nezapome\u0148te na to, \u017ee je pot\u0159eba <strong>4x fotka na v\u00fd\u0161ku a 9x na \u0161\u00ed\u0159ku!<\/strong><\/p><p>Do filmov\u00e9ho p\u00e1su na prosincov\u00e9m listu budou pou\u017eity vhodn\u00e9 fotografie ze zbytku kalend\u00e1\u0159e.<\/p><p>V\u00edce informac\u00ed V\u00e1m r\u00e1da sd\u011bl\u00edm v <a href=\"mailto:aprilmouse.cz@gmail.com\">e-mailu<\/a> nebo na telefonu 606 42 33 53<\/p><p><strong>V P\u0158\u00cdPAD\u011a Z\u00c1JMU MO\u017dNO ZAJISTIT I TISK &#8211; INFORMACE NA CENY KONKR\u00c9TN\u00cdCH ROZM\u011aR\u016e V E-MAILU<\/strong><\/p><p>Cena je za zpracov\u00e1n\u00ed kalend\u00e1\u0159e \/zpracov\u00e1n\u00ed plat\u00edte jenom jednou, vytisknout si m\u016f\u017eete kolikr\u00e1t je libo\/, &#8211; pos\u00edl\u00e1me zp\u00e1tky p\u0159es internet!<\/p>\t\t\t\t\t\t\t\t<\/div>\n\t\t\t\t<\/div>\n\t\t\t\t<\/div>\n\t\t<div class=\"elementor-element elementor-element-ef1d91d e-grid e-con-full e-con e-child\" data-id=\"ef1d91d\" data-element_type=\"container\">\n\t\t<div class=\"elementor-element elementor-element-a20985e e-grid e-con-full e-con e-child\" data-id=\"a20985e\" data-element_type=\"container\">\n\t\t\t\t<div class=\"elementor-element elementor-element-d08e3d9 elementor-widget elementor-widget-text-editor\" data-id=\"d08e3d9\" data-element_type=\"widget\" data-widget_type=\"text-editor.default\">\n\t\t\t\t<div class=\"elementor-widget-container\">\n\t\t\t\t\t\t\t\t\t<p><span style=\"font-weight: bold;\">\u00daPLN\u011a NOV\u00dd DIGISCRAPBOOKOV\u00dd KALEND\u00c1\u0158 2026 \u2013 CENA 390,-<\/span><\/p><p>pro zobrazen\u00ed n\u00e1hledu ve v\u011bt\u0161\u00ed velikosti klikn\u011bte <a style=\"background-color: #ffffff;\" href=\"https:\/\/aprilmouse.cz\/wp-content\/uploads\/2024\/10\/2025.jpg\">ZDE<\/a> nebo na obr\u00e1zek<\/p>\t\t\t\t\t\t\t\t<\/div>\n\t\t\t\t<\/div>\n\t\t\t\t<div class=\"elementor-element elementor-element-8d86ca0 elementor-widget elementor-widget-image\" data-id=\"8d86ca0\" data-element_type=\"widget\" data-widget_type=\"image.default\">\n\t\t\t\t<div class=\"elementor-widget-container\">\n\t\t\t\t\t\t\t\t\t\t\t\t\t\t\t\t<a href=\"https:\/\/aprilmouse.cz\/wp-content\/uploads\/2025\/09\/2026.jpg\" data-elementor-open-lightbox=\"yes\" data-elementor-lightbox-title=\"2026\" data-e-action-hash=\"#elementor-action%3Aaction%3Dlightbox%26settings%3DeyJpZCI6Mjc5LCJ1cmwiOiJodHRwczpcL1wvYXByaWxtb3VzZS5jelwvd3AtY29udGVudFwvdXBsb2Fkc1wvMjAyNVwvMDlcLzIwMjYuanBnIn0%3D\">\n\t\t\t\t\t\t\t<img fetchpriority=\"high\" decoding=\"async\" width=\"800\" height=\"800\" src=\"https:\/\/aprilmouse.cz\/wp-content\/uploads\/2025\/09\/2026-1024x1024.jpg\" class=\"attachment-large size-large wp-image-279\" alt=\"\" srcset=\"https:\/\/aprilmouse.cz\/wp-content\/uploads\/2025\/09\/2026-1024x1024.jpg 1024w, https:\/\/aprilmouse.cz\/wp-content\/uploads\/2025\/09\/2026-300x300.jpg 300w, https:\/\/aprilmouse.cz\/wp-content\/uploads\/2025\/09\/2026-150x150.jpg 150w, https:\/\/aprilmouse.cz\/wp-content\/uploads\/2025\/09\/2026-768x768.jpg 768w, https:\/\/aprilmouse.cz\/wp-content\/uploads\/2025\/09\/2026.jpg 1500w\" sizes=\"(max-width: 800px) 100vw, 800px\" \/>\t\t\t\t\t\t\t\t<\/a>\n\t\t\t\t\t\t\t\t\t\t\t\t\t\t\t<\/div>\n\t\t\t\t<\/div>\n\t\t\t\t<\/div>\n\t\t<div class=\"elementor-element elementor-element-5cf1ffb e-grid e-con-full e-con e-child\" data-id=\"5cf1ffb\" data-element_type=\"container\">\n\t\t\t\t<div class=\"elementor-element elementor-element-48d7fb2 elementor-widget elementor-widget-text-editor\" data-id=\"48d7fb2\" data-element_type=\"widget\" data-widget_type=\"text-editor.default\">\n\t\t\t\t<div class=\"elementor-widget-container\">\n\t\t\t\t\t\t\t\t\t<p>M\u00e1te speci\u00e1ln\u00ed po\u017eadavky na ka\u017ed\u00fd jeden list kalend\u00e1\u0159e, nebo si prost\u011b chcete vybrat tak, aby byla ka\u017ed\u00e1 fotografie v tom &#8220;prav\u00e9m&#8221; pozad\u00ed?<\/p><p>Nab\u00edz\u00edm i mo\u017enost sestaven\u00ed vlastn\u00edho kalend\u00e1\u0159e MIXLE PIXLE podle Va\u0161eho v\u00fdb\u011bru, leto\u0161n\u00ed nab\u00eddku variant si m\u016f\u017eete rozkliknout n\u00ed\u017ee.<\/p><p><strong style=\"color: var( --e-global-color-text ); text-align: var(--text-align);\">\u00a0<\/strong><\/p><p>Individu\u00e1ln\u00ed sestaven\u00ed MIXLE PIXLE \u2013 CENA 450,-<\/p>\t\t\t\t\t\t\t\t<\/div>\n\t\t\t\t<\/div>\n\t\t<div class=\"elementor-element elementor-element-05fe06e e-grid e-con-full e-con e-child\" data-id=\"05fe06e\" data-element_type=\"container\">\n\t\t\t\t<div class=\"elementor-element elementor-element-53ae0c9 elementor-widget elementor-widget-image\" data-id=\"53ae0c9\" data-element_type=\"widget\" data-widget_type=\"image.default\">\n\t\t\t\t<div class=\"elementor-widget-container\">\n\t\t\t\t\t\t\t\t\t\t\t\t\t\t\t\t<a href=\"https:\/\/aprilmouse.cz\/wp-content\/uploads\/2025\/09\/mixle1.jpg\" data-elementor-open-lightbox=\"yes\" data-elementor-lightbox-title=\"mixle1\" data-e-action-hash=\"#elementor-action%3Aaction%3Dlightbox%26settings%3DeyJpZCI6MjgxLCJ1cmwiOiJodHRwczpcL1wvYXByaWxtb3VzZS5jelwvd3AtY29udGVudFwvdXBsb2Fkc1wvMjAyNVwvMDlcL21peGxlMS5qcGcifQ%3D%3D\">\n\t\t\t\t\t\t\t<img decoding=\"async\" width=\"150\" height=\"150\" src=\"https:\/\/aprilmouse.cz\/wp-content\/uploads\/2025\/09\/mixle1-150x150.jpg\" class=\"attachment-thumbnail size-thumbnail wp-image-281\" alt=\"\" \/>\t\t\t\t\t\t\t\t<\/a>\n\t\t\t\t\t\t\t\t\t\t\t\t\t\t\t<\/div>\n\t\t\t\t<\/div>\n\t\t\t\t<div class=\"elementor-element elementor-element-869452e elementor-widget elementor-widget-image\" data-id=\"869452e\" data-element_type=\"widget\" data-widget_type=\"image.default\">\n\t\t\t\t<div class=\"elementor-widget-container\">\n\t\t\t\t\t\t\t\t\t\t\t\t\t\t\t\t<a href=\"https:\/\/aprilmouse.cz\/wp-content\/uploads\/2025\/09\/mixle2.jpg\" data-elementor-open-lightbox=\"yes\" data-elementor-lightbox-title=\"mixle2\" data-e-action-hash=\"#elementor-action%3Aaction%3Dlightbox%26settings%3DeyJpZCI6Mjc2LCJ1cmwiOiJodHRwczpcL1wvYXByaWxtb3VzZS5jelwvd3AtY29udGVudFwvdXBsb2Fkc1wvMjAyNVwvMDlcL21peGxlMi5qcGcifQ%3D%3D\">\n\t\t\t\t\t\t\t<img loading=\"lazy\" decoding=\"async\" width=\"800\" height=\"853\" src=\"https:\/\/aprilmouse.cz\/wp-content\/uploads\/2025\/09\/mixle2-960x1024.jpg\" class=\"attachment-large size-large wp-image-276\" alt=\"\" srcset=\"https:\/\/aprilmouse.cz\/wp-content\/uploads\/2025\/09\/mixle2-960x1024.jpg 960w, https:\/\/aprilmouse.cz\/wp-content\/uploads\/2025\/09\/mixle2-281x300.jpg 281w, https:\/\/aprilmouse.cz\/wp-content\/uploads\/2025\/09\/mixle2-768x819.jpg 768w, https:\/\/aprilmouse.cz\/wp-content\/uploads\/2025\/09\/mixle2-1441x1536.jpg 1441w, https:\/\/aprilmouse.cz\/wp-content\/uploads\/2025\/09\/mixle2.jpg 1614w\" sizes=\"(max-width: 800px) 100vw, 800px\" \/>\t\t\t\t\t\t\t\t<\/a>\n\t\t\t\t\t\t\t\t\t\t\t\t\t\t\t<\/div>\n\t\t\t\t<\/div>\n\t\t\t\t<div class=\"elementor-element elementor-element-eec0dd7 elementor-widget elementor-widget-image\" data-id=\"eec0dd7\" data-element_type=\"widget\" data-widget_type=\"image.default\">\n\t\t\t\t<div class=\"elementor-widget-container\">\n\t\t\t\t\t\t\t\t\t\t\t\t\t\t\t\t<a href=\"https:\/\/aprilmouse.cz\/wp-content\/uploads\/2025\/09\/mixle3.jpg\" data-elementor-open-lightbox=\"yes\" data-elementor-lightbox-title=\"mixle3\" data-e-action-hash=\"#elementor-action%3Aaction%3Dlightbox%26settings%3DeyJpZCI6Mjc3LCJ1cmwiOiJodHRwczpcL1wvYXByaWxtb3VzZS5jelwvd3AtY29udGVudFwvdXBsb2Fkc1wvMjAyNVwvMDlcL21peGxlMy5qcGcifQ%3D%3D\">\n\t\t\t\t\t\t\t<img loading=\"lazy\" decoding=\"async\" width=\"800\" height=\"853\" src=\"https:\/\/aprilmouse.cz\/wp-content\/uploads\/2025\/09\/mixle3-960x1024.jpg\" class=\"attachment-large size-large wp-image-277\" alt=\"\" srcset=\"https:\/\/aprilmouse.cz\/wp-content\/uploads\/2025\/09\/mixle3-960x1024.jpg 960w, https:\/\/aprilmouse.cz\/wp-content\/uploads\/2025\/09\/mixle3-281x300.jpg 281w, https:\/\/aprilmouse.cz\/wp-content\/uploads\/2025\/09\/mixle3-768x819.jpg 768w, https:\/\/aprilmouse.cz\/wp-content\/uploads\/2025\/09\/mixle3-1441x1536.jpg 1441w, https:\/\/aprilmouse.cz\/wp-content\/uploads\/2025\/09\/mixle3.jpg 1614w\" sizes=\"(max-width: 800px) 100vw, 800px\" \/>\t\t\t\t\t\t\t\t<\/a>\n\t\t\t\t\t\t\t\t\t\t\t\t\t\t\t<\/div>\n\t\t\t\t<\/div>\n\t\t\t\t<div class=\"elementor-element elementor-element-69c548c elementor-widget elementor-widget-image\" data-id=\"69c548c\" data-element_type=\"widget\" data-widget_type=\"image.default\">\n\t\t\t\t<div class=\"elementor-widget-container\">\n\t\t\t\t\t\t\t\t\t\t\t\t\t\t\t\t<a href=\"https:\/\/aprilmouse.cz\/wp-content\/uploads\/2025\/09\/mixle4.jpg\" data-elementor-open-lightbox=\"yes\" data-elementor-lightbox-title=\"mixle4\" data-e-action-hash=\"#elementor-action%3Aaction%3Dlightbox%26settings%3DeyJpZCI6Mjc4LCJ1cmwiOiJodHRwczpcL1wvYXByaWxtb3VzZS5jelwvd3AtY29udGVudFwvdXBsb2Fkc1wvMjAyNVwvMDlcL21peGxlNC5qcGcifQ%3D%3D\">\n\t\t\t\t\t\t\t<img loading=\"lazy\" decoding=\"async\" width=\"760\" height=\"1024\" src=\"https:\/\/aprilmouse.cz\/wp-content\/uploads\/2025\/09\/mixle4-760x1024.jpg\" class=\"attachment-large size-large wp-image-278\" alt=\"\" srcset=\"https:\/\/aprilmouse.cz\/wp-content\/uploads\/2025\/09\/mixle4-760x1024.jpg 760w, https:\/\/aprilmouse.cz\/wp-content\/uploads\/2025\/09\/mixle4-223x300.jpg 223w, https:\/\/aprilmouse.cz\/wp-content\/uploads\/2025\/09\/mixle4-768x1035.jpg 768w, https:\/\/aprilmouse.cz\/wp-content\/uploads\/2025\/09\/mixle4-1139x1536.jpg 1139w, https:\/\/aprilmouse.cz\/wp-content\/uploads\/2025\/09\/mixle4-1519x2048.jpg 1519w, https:\/\/aprilmouse.cz\/wp-content\/uploads\/2025\/09\/mixle4.jpg 1614w\" sizes=\"(max-width: 760px) 100vw, 760px\" \/>\t\t\t\t\t\t\t\t<\/a>\n\t\t\t\t\t\t\t\t\t\t\t\t\t\t\t<\/div>\n\t\t\t\t<\/div>\n\t\t\t\t<\/div>\n\t\t\t\t<\/div>\n\t\t\t\t<\/div>\n\t\t\t\t<\/div>\n\t\t\t\t<\/div>\n\t\t\t\t<\/div>\n\t\t\t\t\t<\/div>\n\t\t\t\t<\/div>\n\t\t\t\t\t<\/div>\n\t\t\t\t<\/div>\n\t\t\t\t<\/div>\n\t\t","protected":false},"excerpt":{"rendered":"<p>Prav\u00e1 ruka obchodn\u00edkaod roku 2003 Letos jsem si pro V\u00e1s p\u0159ipravila zcela nov\u00e9 \u0161ablony digiscrapbookov\u00e9ho kalend\u00e1\u0159e \ud83d\ude42 Digiscrapbookov\u00fd kalend\u00e1\u0159 nen\u00ed jen tak oby\u010dejn\u00fd kalend\u00e1\u0159 z r\u00e1me\u010dk\u016f, ka\u017ed\u00e1 kyti\u010dka, ma\u0161li\u010dka, ka\u017ed\u00fd kousek na n\u011bm je vytvo\u0159en n\u00e1mi &#8211; v\u0161e jsme nafotily, p\u0159ipravily, p\u0159ebarvily, poskl\u00e1daly kousek po kous\u00ed\u010dku&#8230; je to opravdov\u00e1 ru\u010dn\u00ed autorsk\u00e1 pr\u00e1ce. Jak to funguje? [&hellip;]<\/p>\n","protected":false},"author":1,"featured_media":0,"parent":0,"menu_order":0,"comment_status":"closed","ping_status":"closed","template":"elementor_canvas","meta":{"footnotes":""},"class_list":["post-115","page","type-page","status-publish","hentry"],"_links":{"self":[{"href":"https:\/\/aprilmouse.cz\/index.php\/wp-json\/wp\/v2\/pages\/115","targetHints":{"allow":["GET"]}}],"collection":[{"href":"https:\/\/aprilmouse.cz\/index.php\/wp-json\/wp\/v2\/pages"}],"about":[{"href":"https:\/\/aprilmouse.cz\/index.php\/wp-json\/wp\/v2\/types\/page"}],"author":[{"embeddable":true,"href":"https:\/\/aprilmouse.cz\/index.php\/wp-json\/wp\/v2\/users\/1"}],"replies":[{"embeddable":true,"href":"https:\/\/aprilmouse.cz\/index.php\/wp-json\/wp\/v2\/comments?post=115"}],"version-history":[{"count":52,"href":"https:\/\/aprilmouse.cz\/index.php\/wp-json\/wp\/v2\/pages\/115\/revisions"}],"predecessor-version":[{"id":291,"href":"https:\/\/aprilmouse.cz\/index.php\/wp-json\/wp\/v2\/pages\/115\/revisions\/291"}],"wp:attachment":[{"href":"https:\/\/aprilmouse.cz\/index.php\/wp-json\/wp\/v2\/media?parent=115"}],"curies":[{"name":"wp","href":"https:\/\/api.w.org\/{rel}","templated":true}]}}